{"id":4857,"date":"2019-01-21T11:15:37","date_gmt":"2019-01-21T10:15:37","guid":{"rendered":"https:\/\/antikekunst.org\/mitglieder\/?page_id=4857"},"modified":"2026-02-04T17:39:02","modified_gmt":"2026-02-04T16:39:02","slug":"mitglieder-homepage","status":"publish","type":"page","link":"https:\/\/antikekunst.org\/mitglieder\/","title":{"rendered":"Antike Kunst Mitgliederbereich"},"content":{"rendered":"\n<p>Herzlich Willkommen im Mitgliederbereich der Vereinigung der Freunde antiker Kunst<\/p>\n\n\n\n<hr class=\"wp-block-separator has-css-opacity is-style-wide\"\/>\n\n\n\n<div style=\"height:var(--wp--preset--spacing--20)\" aria-hidden=\"true\" class=\"wp-block-spacer\"><\/div>\n\n\n\n<p>F\u00fcr den Zugang m\u00fcssen Sie sich zuerst <a href=\"https:\/\/antikekunst.org\/mitglieder\/neu-registrieren\/\" data-type=\"page\" data-id=\"5366\">registrieren<\/a>. Sie erhalten ein erstes Passwort, das Sie nach Eintritt in den Mitgliederbereich \u00e4ndern k\u00f6nnen. Danach k\u00f6nnen Sie sich mit Benutzernamen und Passwort anmelden.<br>Falls Sie noch kein Mitglied sind, k\u00f6nnen Sie sich hier in unserer Vereinigung <a href=\"https:\/\/www.antikekunst.org\/vereinigung\/mitglied-werden\/\">anmelden<\/a>.<\/p>\n\n\n\n<p>Wenn Sie Hilfe bei der Anwendung dieser Homepage ben\u00f6tigen, schreiben Sie mir. <br>Marcella Boglione: <a href=\"mailto: &#x6d;e&#x6d;&#98;&#x65;&#114;s&#x40;a&#x6e;&#116;&#x69;&#107;e&#x6b;&#117;&#x6e;&#115;t&#x2e;c&#x68;\">&#109;&#101;&#x6d;b&#101;&#x72;&#x73;&#64;&#97;&#x6e;&#x74;i&#107;&#x65;&#x6b;u&#110;&#x73;&#x74;&#46;&#99;&#x68; <\/a><\/p>\n\n\n\n<hr class=\"wp-block-separator has-css-opacity is-style-wide\"\/>\n\n\n\n<div style=\"height:var(--wp--preset--spacing--20)\" aria-hidden=\"true\" class=\"wp-block-spacer\"><\/div>\n\n\n\n<div class=\"wp-block-columns is-layout-flex wp-container-core-columns-is-layout-9d6595d7 wp-block-columns-is-layout-flex\">\n<div class=\"wp-block-column is-layout-flow wp-block-column-is-layout-flow\">\n<figure class=\"wp-block-image size-large\"><a href=\"https:\/\/antikekunst.org\/mitglieder\/news\/\"><img loading=\"lazy\" decoding=\"async\" width=\"900\" height=\"675\" src=\"https:\/\/antikekunst.org\/mitglieder\/wp-content\/uploads\/2024\/10\/20240427_GV-900x675.jpg\" alt=\"\" class=\"wp-image-5812\" style=\"aspect-ratio:3\/2;object-fit:cover\" srcset=\"https:\/\/antikekunst.org\/mitglieder\/wp-content\/uploads\/2024\/10\/20240427_GV-900x675.jpg 900w, https:\/\/antikekunst.org\/mitglieder\/wp-content\/uploads\/2024\/10\/20240427_GV-300x225.jpg 300w, https:\/\/antikekunst.org\/mitglieder\/wp-content\/uploads\/2024\/10\/20240427_GV-1536x1152.jpg 1536w, https:\/\/antikekunst.org\/mitglieder\/wp-content\/uploads\/2024\/10\/20240427_GV-2048x1536.jpg 2048w\" sizes=\"auto, (max-width: 900px) 100vw, 900px\" \/><\/a><\/figure>\n\n\n\n<h4 class=\"wp-block-heading\"><a href=\"https:\/\/antikekunst.org\/mitglieder\/news\/\" data-type=\"page\" data-id=\"5960\">News<\/a><\/h4>\n<\/div>\n\n\n\n<div class=\"wp-block-column is-layout-flow wp-block-column-is-layout-flow\">\n<figure class=\"wp-block-image size-full\"><a href=\"https:\/\/antikekunst.org\/mitglieder\/reiseprogramme\/\"><img loading=\"lazy\" decoding=\"async\" width=\"288\" height=\"180\" src=\"https:\/\/antikekunst.org\/mitglieder\/wp-content\/uploads\/2024\/11\/sr.jpg\" alt=\"\" class=\"wp-image-5829\" style=\"aspect-ratio:3\/2;object-fit:cover\"\/><\/a><\/figure>\n\n\n\n<h4 class=\"wp-block-heading\"><a href=\"https:\/\/antikekunst.org\/mitglieder\/reiseprogramme\/\">Reiseprogramme<\/a><\/h4>\n<\/div>\n\n\n\n<div class=\"wp-block-column is-layout-flow wp-block-column-is-layout-flow\">\n<figure class=\"wp-block-image size-thumbnail\"><a href=\"https:\/\/antikekunst.org\/mitglieder\/mitgliederversammlung\/\"><img loading=\"lazy\" decoding=\"async\" width=\"288\" height=\"180\" src=\"https:\/\/antikekunst.org\/mitglieder\/wp-content\/uploads\/2024\/11\/gv-apero-288x180.jpg\" alt=\"\" class=\"wp-image-5826\" style=\"aspect-ratio:3\/2;object-fit:cover\"\/><\/a><\/figure>\n\n\n\n<h4 class=\"wp-block-heading\"><a href=\"https:\/\/antikekunst.org\/mitglieder\/mitgliederversammlung\/\">Mitgliederversammlung<\/a><\/h4>\n<\/div>\n\n\n\n<div class=\"wp-block-column is-layout-flow wp-block-column-is-layout-flow\">\n<figure class=\"wp-block-image size-full\"><a href=\"https:\/\/antikekunst.org\/mitglieder\/mitgliederverzeichnis\/\"><img loading=\"lazy\" decoding=\"async\" width=\"288\" height=\"180\" src=\"https:\/\/antikekunst.org\/mitglieder\/wp-content\/uploads\/2024\/11\/mv.jpg\" alt=\"\" class=\"wp-image-5828\" style=\"aspect-ratio:3\/2;object-fit:cover\"\/><\/a><\/figure>\n\n\n\n<h4 class=\"wp-block-heading\"><a href=\"https:\/\/antikekunst.org\/mitglieder\/mitgliederverzeichnis\/\" data-type=\"page\" data-id=\"5021\">Mitgliederverzeichnis<\/a><\/h4>\n<\/div>\n<\/div>\n\n\n\n<hr class=\"wp-block-separator has-css-opacity is-style-wide\"\/>\n","protected":false},"excerpt":{"rendered":"<p>Herzlich Willkommen im Mitgliederbereich der Vereinigung der Freunde antiker Kunst F\u00fcr den Zugang m\u00fcssen Sie sich zuerst registrieren. Sie erhalten ein erstes Passwort, das Sie nach Eintritt in den Mitgliederbereich \u00e4ndern k\u00f6nnen. Danach k\u00f6nnen Sie sich mit Benutzernamen und Passwort anmelden.Falls Sie noch kein Mitglied sind, k\u00f6nnen Sie sich hier in unserer Vereinigung anmelden. Wenn&#8230;  &nbsp;&nbsp;<a href=\"https:\/\/antikekunst.org\/mitglieder\/\">&raquo; Weiterlesen<\/a><\/p>\n","protected":false},"author":1,"featured_media":4883,"parent":0,"menu_order":0,"comment_status":"closed","ping_status":"closed","template":"","meta":{"_genesis_hide_title":false,"_genesis_hide_breadcrumbs":false,"_genesis_hide_singular_image":false,"_genesis_hide_footer_widgets":false,"_genesis_custom_body_class":"","_genesis_custom_post_class":"","_genesis_layout":"","footnotes":""},"class_list":{"0":"post-4857","1":"page","2":"type-page","3":"status-publish","4":"has-post-thumbnail","6":"entry"},"_links":{"self":[{"href":"https:\/\/antikekunst.org\/mitglieder\/wp-json\/wp\/v2\/pages\/4857","targetHints":{"allow":["GET"]}}],"collection":[{"href":"https:\/\/antikekunst.org\/mitglieder\/wp-json\/wp\/v2\/pages"}],"about":[{"href":"https:\/\/antikekunst.org\/mitglieder\/wp-json\/wp\/v2\/types\/page"}],"author":[{"embeddable":true,"href":"https:\/\/antikekunst.org\/mitglieder\/wp-json\/wp\/v2\/users\/1"}],"replies":[{"embeddable":true,"href":"https:\/\/antikekunst.org\/mitglieder\/wp-json\/wp\/v2\/comments?post=4857"}],"version-history":[{"count":6,"href":"https:\/\/antikekunst.org\/mitglieder\/wp-json\/wp\/v2\/pages\/4857\/revisions"}],"predecessor-version":[{"id":6000,"href":"https:\/\/antikekunst.org\/mitglieder\/wp-json\/wp\/v2\/pages\/4857\/revisions\/6000"}],"wp:featuredmedia":[{"embeddable":true,"href":"https:\/\/antikekunst.org\/mitglieder\/wp-json\/"}],"wp:attachment":[{"href":"https:\/\/antikekunst.org\/mitglieder\/wp-json\/wp\/v2\/media?parent=4857"}],"curies":[{"name":"wp","href":"https:\/\/api.w.org\/{rel}","templated":true}]}}