{"id":4871,"date":"2019-01-21T12:02:21","date_gmt":"2019-01-21T11:02:21","guid":{"rendered":"https:\/\/antikekunst.org\/mitglieder\/?page_id=4871"},"modified":"2019-03-22T12:32:46","modified_gmt":"2019-03-22T11:32:46","slug":"impressum","status":"publish","type":"page","link":"https:\/\/antikekunst.org\/mitglieder\/impressum\/","title":{"rendered":"Impressum"},"content":{"rendered":"\n<p><strong>Inhaber:<br><\/strong>Vereinigung der Freunde Antiker Kunst<br>c\/o Universit\u00e4t Basel<br>Departement Altertumswissenschaften<br>Klassische Arch\u00e4ologie<br>Petersgraben 51<br>CH-4051 Basel \/ Schweiz<\/p>\n\n\n\n<p><strong>\u00a9 <\/strong>Vereinigung der Freunde Antiker Kunst. Alle Rechte vorbehalten. Layout, Texte, Bilder und Grafiken unterliegen dem Schutz des Urheberrechts.<\/p>\n\n\n\n<hr class=\"wp-block-separator\"\/>\n\n\n\n<p><strong>Haftungs-Hinweise<br><\/strong>Der\n Betreiber der Seiten ist f\u00fcr eigene Inhalte gem\u00e4\u00df der aktuellen \nGesetzeslage verantwortlich. Die Inhalte der Seiten wurden mit gr\u00f6\u00dfter \nSorgfalt erstellt. F\u00fcr die Richtigkeit, Vollst\u00e4ndigkeit und Aktualit\u00e4t \nder Inhalte kann keine Haftung \u00fcbernommen und kein wie immer gearteter \nRechtsanspruch abgeleitet werden.Dieses Angebot \nenth\u00e4lt Links zu externen Webseiten, auf deren Inhalte vom Betreiber \ndieser Seiten kein Einfluss genommen werden kann. F\u00fcr diese fremden \nInhalte kann demnach keinerlei Gew\u00e4hr \u00fcbernommen werden. F\u00fcr die Inhalte\n oder Verf\u00fcgbarkeit der verlinkten Seiten ist der jeweilige Anbieter \nverantwortlich.<\/p>\n\n\n\n<hr class=\"wp-block-separator\"\/>\n\n\n\n<p>Website: <a href=\"http:\/\/www.kirschner-webdesign.com\" target=\"_blank\" rel=\"noreferrer noopener\">kirschner webdesign<\/a><\/p>\n","protected":false},"excerpt":{"rendered":"<p>Inhaber:Vereinigung der Freunde Antiker Kunstc\/o Universit\u00e4t BaselDepartement AltertumswissenschaftenKlassische Arch\u00e4ologiePetersgraben 51CH-4051 Basel \/ Schweiz \u00a9 Vereinigung der Freunde Antiker Kunst. Alle Rechte vorbehalten. Layout, Texte, Bilder und Grafiken unterliegen dem Schutz des Urheberrechts. Haftungs-HinweiseDer Betreiber der Seiten ist f\u00fcr eigene Inhalte gem\u00e4\u00df der aktuellen Gesetzeslage verantwortlich. Die Inhalte der Seiten wurden mit gr\u00f6\u00dfter Sorgfalt erstellt. F\u00fcr&#8230;  &nbsp;&nbsp;<a href=\"https:\/\/antikekunst.org\/mitglieder\/impressum\/\">&raquo; Weiterlesen<\/a><\/p>\n","protected":false},"author":1,"featured_media":0,"parent":0,"menu_order":0,"comment_status":"closed","ping_status":"closed","template":"","meta":{"_genesis_hide_title":false,"_genesis_hide_breadcrumbs":false,"_genesis_hide_singular_image":false,"_genesis_hide_footer_widgets":false,"_genesis_custom_body_class":"","_genesis_custom_post_class":"","_genesis_layout":"","footnotes":""},"class_list":{"0":"post-4871","1":"page","2":"type-page","3":"status-publish","5":"entry"},"_links":{"self":[{"href":"https:\/\/antikekunst.org\/mitglieder\/wp-json\/wp\/v2\/pages\/4871","targetHints":{"allow":["GET"]}}],"collection":[{"href":"https:\/\/antikekunst.org\/mitglieder\/wp-json\/wp\/v2\/pages"}],"about":[{"href":"https:\/\/antikekunst.org\/mitglieder\/wp-json\/wp\/v2\/types\/page"}],"author":[{"embeddable":true,"href":"https:\/\/antikekunst.org\/mitglieder\/wp-json\/wp\/v2\/users\/1"}],"replies":[{"embeddable":true,"href":"https:\/\/antikekunst.org\/mitglieder\/wp-json\/wp\/v2\/comments?post=4871"}],"version-history":[{"count":0,"href":"https:\/\/antikekunst.org\/mitglieder\/wp-json\/wp\/v2\/pages\/4871\/revisions"}],"wp:attachment":[{"href":"https:\/\/antikekunst.org\/mitglieder\/wp-json\/wp\/v2\/media?parent=4871"}],"curies":[{"name":"wp","href":"https:\/\/api.w.org\/{rel}","templated":true}]}}